{"id":9,"date":"2020-06-21T22:23:28","date_gmt":"2020-06-21T20:23:28","guid":{"rendered":"http:\/\/florahumus.com\/?page_id=6"},"modified":"2020-10-18T19:47:46","modified_gmt":"2020-10-18T17:47:46","slug":"about","status":"publish","type":"page","link":"https:\/\/florahumus.com\/es\/about\/","title":{"rendered":"Sobre Florahumus"},"content":{"rendered":"\n<p>El humus como una materia compleja, que contiene una mezcla de los compuestos org\u00e1nicos y los complejos \u00f3rgano-minerales, es uno de los elementos fundamentales de la fase s\u00f3lida del suelo y condiciona muchos de sus propiedades f\u00edsico-qu\u00edmicas que influyen entre otros en la estructura del suelo, adsorci\u00f3n de iones i retenci\u00f3n del agua, y tambi\u00e9n forma condiciones \u00f3ptimas para el desarrollo de microorganismos del suelo.<\/p>\n\n\n\n<p>Los compuestos org\u00e1nicos principales que forman el humus son los \u00e1cidos h\u00famicos: h\u00famicos, f\u00falvicos y huminas (constituyen en total 60% de la materia org\u00e1nica del suelo). El uso de los \u00e1cidos h\u00famicos aislados como el abono o la enmienda del suelo en los cultivos org\u00e1nicos es un procedimiento muy conocido que se est\u00e1 aplicando en muchos pa\u00edses del mundo, especialmente para los suelos arenosos.<\/p>\n\n\n\n<p>El objetivo del uso de ellos es la mejora del funcionamiento de los suelos cultivables y gracias a esto, el aumento del rendimiento de los cultivos.<\/p>\n\n\n\n<p>En algunos casos se usa tambi\u00e9n en el proceso de rehabilitaci\u00f3n de tierras destinadas para el cultivo, por ejemplo en la situaci\u00f3n de salinizaci\u00f3n abundante del suelo para limitar la posibilidad de absorci\u00f3n de los elementos t\u00f3xicos por los cultivos.<\/p>\n\n\n\n<p>En la literatura se nombra tambi\u00e9n los efectos como estimulaci\u00f3n de la ra\u00edz del cultivo, extracci\u00f3n de los iones como entre otros Na<sup>+<\/sup>, Ba<sub>2<\/sub><sup>+<\/sup>, K<sup>+<\/sup>, NO<sub>3<\/sub><sup>&#8211;<\/sup> and SO<sub>4<\/sub><sup>2-<\/sup> o la regulaci\u00f3n de los procesos metab\u00f3licos de las plantas.<\/p>\n\n\n\n<p>Nuestro producto Florahumus ayuda a cuidar a nuestro planeta y es la respuesta perfecta para las necesidades de la agricultura de hoy.<\/p>\n\n\n\n<p>Florahumus influye en la forma positiva en:<br><\/p>\n\n\n<div class=\"wp-block-image\">\n<figure class=\"alignright size-large is-resized\"><img loading=\"lazy\" decoding=\"async\" src=\"https:\/\/florahumus.pl\/wp-content\/uploads\/2020\/01\/florahumus-opakowania.jpg\" alt=\"Florahumus\" class=\"wp-image-69 img-fluid img\" width=\"565\" height=\"403\"><\/figure>\n<\/div>\n\n\n<p>\u2013 La estructura del suelo<br>\u2013 La retenci\u00f3n del agua<br>\u2013 La absorci\u00f3n del suelo<br>\u2013 La quelaci\u00f3n de los metales pesados<br>\u2013 La humidificaci\u00f3n y sellado naturales del suelo<br>\u2013 La mejor absorci\u00f3n de los nutrientes<br>\u2013 El alivio del estr\u00e9s de las plantas<\/p>\n\n\n\n<figure class=\"wp-block-table table table-responsive\"><table class=\"table table-bordered table-hover\"><thead><tr><th>Elemento<\/th><th>Contenido en Florahumus**<\/th><th>Contenido m\u00e1ximo**<\/th><\/tr><\/thead><tbody><tr><td>Cromo (Cr)<\/td><td>8 mg\/kg<\/td><td>100 mg\/kg<\/td><\/tr><tr><td>Kadm (Cd)<\/td><td>&lt; 0,5 mg\/kg<\/td><td>5 mg\/kg<\/td><\/tr><tr><td>Nikiel (Ni)<\/td><td>&lt; 5,7 mg\/kg<\/td><td>60 mg\/kg<\/td><\/tr><tr><td>Plomo (Pb)<\/td><td>&lt; 3,1 mg\/kg<\/td><td>140 mg\/kg<\/td><\/tr><tr><td>Mercurio (Hg)<\/td><td>&lt; 0,17 mg\/kg<\/td><td>2 mg\/kg<\/td><\/tr><\/tbody><\/table><\/figure>\n\n\n\n<p>&nbsp;* las normas marcadas por el laboratorio IUNG-PIB (Instituto de Cultivo, Fertilizaci\u00f3n y Ciencia del Suelo \u2013 Instituto Nacional de Investigaci\u00f3n)<\/p>\n\n\n\n<p>**seg\u00fan el reglamento del Ministro de Agricultura y Desarrollo Rural del d\u00eda 18.06.2008 r. (Dz. U. 119, poz. 765)<\/p>\n\n\n\n<p>Par\u00e1metros cualitativos ***<\/p>\n\n\n\n<p>Carbono org\u00e1nico \u2013 36,64%<br>pH 8,5-1,5 <br>\u00c1cidos h\u00famicos &gt; 95%<\/p>\n\n\n\n<p>*** marcado en el laboratorio de IUNG-PIB % (m\/m)<\/p>\n","protected":false},"excerpt":{"rendered":"<p>El humus como una materia compleja, que contiene una mezcla <\/p>\n<p><a class=\"more-link btn btn-primary pull-right\" style=\"margin-top:20px; float:left; clear:both;\" href=\"https:\/\/florahumus.com\/es\/about\/\">Wi\u0119cej<\/a><\/p>\n","protected":false},"author":1,"featured_media":0,"parent":0,"menu_order":0,"comment_status":"closed","ping_status":"closed","template":"","meta":{"footnotes":""},"class_list":["post-9","page","type-page","status-publish","hentry"],"_links":{"self":[{"href":"https:\/\/florahumus.com\/es\/wp-json\/wp\/v2\/pages\/9","targetHints":{"allow":["GET"]}}],"collection":[{"href":"https:\/\/florahumus.com\/es\/wp-json\/wp\/v2\/pages"}],"about":[{"href":"https:\/\/florahumus.com\/es\/wp-json\/wp\/v2\/types\/page"}],"author":[{"embeddable":true,"href":"https:\/\/florahumus.com\/es\/wp-json\/wp\/v2\/users\/1"}],"replies":[{"embeddable":true,"href":"https:\/\/florahumus.com\/es\/wp-json\/wp\/v2\/comments?post=9"}],"version-history":[{"count":4,"href":"https:\/\/florahumus.com\/es\/wp-json\/wp\/v2\/pages\/9\/revisions"}],"predecessor-version":[{"id":84,"href":"https:\/\/florahumus.com\/es\/wp-json\/wp\/v2\/pages\/9\/revisions\/84"}],"wp:attachment":[{"href":"https:\/\/florahumus.com\/es\/wp-json\/wp\/v2\/media?parent=9"}],"curies":[{"name":"wp","href":"https:\/\/api.w.org\/{rel}","templated":true}]}}